{"id":77,"date":"2018-12-13T10:17:54","date_gmt":"2018-12-13T09:17:54","guid":{"rendered":"http:\/\/demoti.codebase.it\/?page_id=77"},"modified":"2019-02-03T16:42:07","modified_gmt":"2019-02-03T15:42:07","slug":"unita-trattamento-aria-u-t-a","status":"publish","type":"page","link":"https:\/\/www.teknoitaliaservice.it\/?page_id=77","title":{"rendered":"Unit\u00e0 Trattamento Aria U.T.A."},"content":{"rendered":"\n<p style=\"color:#086e0b;text-align:center\" class=\"has-text-color\"><strong>U.T.A. &#8211; Unit\u00e0 Trattamento Aria<\/strong><\/p>\n\n\n\n<div class=\"wp-block-image\"><figure class=\"aligncenter is-resized\"><img loading=\"lazy\" src=\"http:\/\/demoti.codebase.it\/wp-content\/uploads\/2019\/02\/condotta-aria-sporca-1024x768.jpg\" alt=\"\" class=\"wp-image-894\" width=\"584\" height=\"438\" srcset=\"https:\/\/www.teknoitaliaservice.it\/wp-content\/uploads\/2019\/02\/condotta-aria-sporca.jpg 1024w, https:\/\/www.teknoitaliaservice.it\/wp-content\/uploads\/2019\/02\/condotta-aria-sporca-300x225.jpg 300w, https:\/\/www.teknoitaliaservice.it\/wp-content\/uploads\/2019\/02\/condotta-aria-sporca-768x576.jpg 768w\" sizes=\"(max-width: 584px) 100vw, 584px\" \/><figcaption>Condotta U.T.A. sporca<\/figcaption><\/figure><\/div>\n\n\n\n<p>L\u2019inquinamento ambientale \u00e8 da sempre al centro dell\u2019attenzione, ma soltanto da pochi anni viene diversificato tra inquinamento ambientale esterno (<strong>inquinamento outdoor<\/strong>) e contaminazione dell\u2019aria in ambienti chiusi (<strong>inquinamento indoor<\/strong>).<\/p>\n\n\n\n<p>Nell\u2019aria respirata in ambienti chiusi (l\u2019uomo vi trascorre circa il 90% del tempo) sono presenti due diverse forme di inquinamento:<\/p>\n\n\n\n<p style=\"color:#086e0b\" class=\"has-text-color\"><strong>1) DI ORIGINE ESTERNA<\/strong><\/p>\n\n\n\n<p style=\"color:#086e0b\" class=\"has-text-color\"><strong>2) DI ORIGINE INTERNA<\/strong><\/p>\n\n\n\n<p>Gli <strong>agenti inquinanti<\/strong> provenienti dall\u2019esterno, passano attraverso i filtri, o si depositano lungo le pareti dei condotti e vengono direttamente <strong>immessi nei locali attraverso i diffusori<\/strong>.<\/p>\n\n\n\n<p><strong>Le particelle<\/strong> nei condotti formano uno strato poroso che, nel tempo, trattiene tutti gli <strong>inquinanti<\/strong> e i <strong>batteri patogeni<\/strong>, con il tempo si formano anche <strong>muffe<\/strong> e <strong>funghi<\/strong> i quali sono molto pericolosi poich\u00e8 sono responsabili di numeroso <strong>malattie<\/strong> e <strong>infezioni<\/strong> alle vie respiratorie. Anche i pollini e gli allergeni sono trattenuti nelle condotte e poi rilasciati, questo porta a <strong>malattie <\/strong>e<strong> allergie<\/strong>.<\/p>\n\n\n\n<p style=\"color:#086e0b\" class=\"has-text-color\"><strong>La sanificazione di impianti Unit\u00e0 di Trattamento Aria \u00e8 obbligatoria.<\/strong><\/p>\n\n\n\n<p>La necessit\u00e0 di assicurare una buona qualit\u00e0 dell&#8217;aria \u00e8 affrontata a livello normativo nella <strong>Gazzetta Ufficiale del 15 Maggio 2008<\/strong>, nel nuovo testo unico che tratta il tema della contaminazione e del cattivo stato igienico degli impianti aeraulici.<\/p>\n\n\n\n<p style=\"color:#086e0b\" class=\"has-text-color\"><strong>ARTICOLO 63 del decreto sulla bonifica:<\/strong><\/p>\n\n\n\n<p>Il comma 1\u00b0 dell&#8217;art 63 prevede che &#8221;<strong>i luoghi di lavoro devono essere conformi ai requisiti indicati nell&#8217;allegato IV<\/strong>&#8221; e che \u00e8 il datore di lavoro che ha il dovere di provvedere a far effettuare tali controlli, pena &#8221;l&#8217;arresto da tre a sei mesi o l&#8217;ammenda da 2.000 a 10.000 euro&#8221;.<\/p>\n\n\n\n<p>Nella normativa sulla bonifica emerge che al precedente profilo sanzionatorio se ne possano aggiungere altri due:<\/p>\n\n\n\n<p>Uno di natura civilistica&nbsp;<strong>(risarcimento del danno biologico e morale)<\/strong>&nbsp;e uno di&nbsp;<strong>natura penalistica (reato colposo)<\/strong>.<\/p>\n","protected":false},"excerpt":{"rendered":"<p>U.T.A. &#8211; Unit\u00e0 Trattamento Aria L\u2019inquinamento ambientale \u00e8 da sempre al centro dell\u2019attenzione, ma soltanto da pochi anni viene diversificato tra inquinamento ambientale esterno (inquinamento outdoor) e contaminazione dell\u2019aria in ambienti chiusi (inquinamento indoor). Nell\u2019aria respirata in ambienti chiusi (l\u2019uomo vi trascorre circa il 90% del tempo) sono presenti due<\/p>\n","protected":false},"author":1,"featured_media":889,"parent":0,"menu_order":0,"comment_status":"closed","ping_status":"closed","template":"","meta":[],"_links":{"self":[{"href":"https:\/\/www.teknoitaliaservice.it\/index.php?rest_route=\/wp\/v2\/pages\/77"}],"collection":[{"href":"https:\/\/www.teknoitaliaservice.it\/index.php?rest_route=\/wp\/v2\/pages"}],"about":[{"href":"https:\/\/www.teknoitaliaservice.it\/index.php?rest_route=\/wp\/v2\/types\/page"}],"author":[{"embeddable":true,"href":"https:\/\/www.teknoitaliaservice.it\/index.php?rest_route=\/wp\/v2\/users\/1"}],"replies":[{"embeddable":true,"href":"https:\/\/www.teknoitaliaservice.it\/index.php?rest_route=%2Fwp%2Fv2%2Fcomments&post=77"}],"version-history":[{"count":6,"href":"https:\/\/www.teknoitaliaservice.it\/index.php?rest_route=\/wp\/v2\/pages\/77\/revisions"}],"predecessor-version":[{"id":897,"href":"https:\/\/www.teknoitaliaservice.it\/index.php?rest_route=\/wp\/v2\/pages\/77\/revisions\/897"}],"wp:featuredmedia":[{"embeddable":true,"href":"https:\/\/www.teknoitaliaservice.it\/index.php?rest_route=\/wp\/v2\/media\/889"}],"wp:attachment":[{"href":"https:\/\/www.teknoitaliaservice.it\/index.php?rest_route=%2Fwp%2Fv2%2Fmedia&parent=77"}],"curies":[{"name":"wp","href":"https:\/\/api.w.org\/{rel}","templated":true}]}}