{"id":70,"date":"2018-12-13T10:16:38","date_gmt":"2018-12-13T09:16:38","guid":{"rendered":"http:\/\/demoti.codebase.it\/?page_id=70"},"modified":"2019-02-03T16:06:25","modified_gmt":"2019-02-03T15:06:25","slug":"zecche-e-pulci","status":"publish","type":"page","link":"https:\/\/www.teknoitaliaservice.it\/?page_id=70","title":{"rendered":"Zecche e pulci"},"content":{"rendered":"\n<p style=\"color:#086e0b\" class=\"has-text-color\"><strong>La<\/strong> <strong>Zecca<\/strong><\/p>\n\n\n\n<div class=\"wp-block-image\"><figure class=\"aligncenter\"><img loading=\"lazy\" width=\"912\" height=\"964\" src=\"http:\/\/demoti.codebase.it\/wp-content\/uploads\/2019\/02\/Tick_male_aka.jpg\" alt=\"\" class=\"wp-image-857\" srcset=\"https:\/\/www.teknoitaliaservice.it\/wp-content\/uploads\/2019\/02\/Tick_male_aka.jpg 912w, https:\/\/www.teknoitaliaservice.it\/wp-content\/uploads\/2019\/02\/Tick_male_aka-284x300.jpg 284w, https:\/\/www.teknoitaliaservice.it\/wp-content\/uploads\/2019\/02\/Tick_male_aka-768x812.jpg 768w\" sizes=\"(max-width: 912px) 100vw, 912px\" \/><\/figure><\/div>\n\n\n\n<p>Gli&nbsp;<strong>Ixodida<\/strong>&nbsp;sono un sottordine di acari che comprende tre famiglie di zecche. Le due principali sono:&nbsp;<strong>Ixodidae<\/strong>&nbsp;o &#8220;zecche dure&#8221; e&nbsp;<strong>Argasidae<\/strong>&nbsp;o &#8220;zecche molli&#8221;. La terza famiglia che comprende una sola specie (Nuttalliella namaqua), \u00e8 quella delle Nuttalliellidae.<\/p>\n\n\n\n<p>Sono parassiti <strong>ematofagi<\/strong> di molti animali e anche dell&#8217;uomo, e possono essere pericolosi agenti di trasmissione di <strong>malattie infettive<\/strong>.<\/p>\n\n\n\n<p>Le specie pi\u00f9 note sono la zecca del bosco (Ixodes ricinus) e la zecca del cane (Rhipicephalus sanguineus), lunghe pi\u00f9 o meno 1\u20132 mm negli stadi giovanili, ma anche pi\u00f9 di un centimetro nello stadio adulto.<\/p>\n\n\n\n<p style=\"color:#086e0b\" class=\"has-text-color\"><strong>Le zecche vettori di diverse malattie<\/strong><\/p>\n\n\n\n<p>La&nbsp;<strong>piroplasmosi<\/strong>, o babesiosi, \u00e8 causata da un protozoo che, iniettato dalla zecca tramite la saliva, si localizza nei globuli rossi invadendoli e distruggendoli provocando ittero, febbre ed emoglobinuria. Rari casi di infezione umana sono stati segnalati nel nord-est degli Stati Uniti d&#8217;America e nell&#8217;Europa settentrionale.<\/p>\n\n\n\n<p>La&nbsp;<strong>rickettsiosi<\/strong>, o febbre bottonosa, il cui agente \u00e8 Rickettsia conori e il cui vettore \u00e8 la zecca del cane Rhipicephalus sanguineus appartenente alla famiglia degli Ixodidae. Questa malattia provoca <strong>febbre, cefalea, artralgia ed una tipica eruzione esantematica<\/strong> localizzata sugli arti e sul tronco.<\/p>\n\n\n\n<div style=\"height:48px\" aria-hidden=\"true\" class=\"wp-block-spacer\"><\/div>\n\n\n\n<p style=\"color:#086e0b\" class=\"has-text-color\"><strong>La Pulce<\/strong><\/p>\n\n\n\n<div class=\"wp-block-image\"><figure class=\"aligncenter is-resized\"><img loading=\"lazy\" src=\"http:\/\/demoti.codebase.it\/wp-content\/uploads\/2019\/02\/pulce.jpg\" alt=\"\" class=\"wp-image-860\" width=\"542\" height=\"426\" srcset=\"https:\/\/www.teknoitaliaservice.it\/wp-content\/uploads\/2019\/02\/pulce.jpg 305w, https:\/\/www.teknoitaliaservice.it\/wp-content\/uploads\/2019\/02\/pulce-300x236.jpg 300w\" sizes=\"(max-width: 542px) 100vw, 542px\" \/><\/figure><\/div>\n\n\n\n<p><strong>Le pulci<\/strong> sono animali di piccole dimensioni, totalmente atteri (cio\u00e8 privi di ali). L&#8217;esoscheletro \u00e8 in genere compatto e robusto; Il capo \u00e8 compresso contro il torace, poco mobile, con antenne tri-articolate molto brevi e apparato boccale pungente-succhiatore; le zampe sono altrettanto robuste, e la coppia posteriore \u00e8 particolarmente sviluppata e consente alla pulce <strong>salti di notevole altezza<\/strong>. Tale azione \u00e8 data da particolari muscoli che prima flettono le zampe, poi un meccanismo di presa le mantiene flesse finch\u00e9 altri muscoli rilasciano la presa permettendo all&#8217;energia accumulata di estendere rapidamente le zampe consentendo il salto.<\/p>\n\n\n\n<p>L&#8217;importanza <strong>patogena<\/strong> degli Aphaniptera, pur non potendosi paragonare a quella dei Ditteri, risulta tuttavia notevole.<\/p>\n\n\n\n<p>Nella maggior parte dei casi la pulce dell&#8217;uomo (Pulex irritans Linnaeus) \u00e8 pi\u00f9 molesta a causa dei suoi <strong>movimenti sulla cute<\/strong> che per le sue punture; provoca al suo ospite solo fastidio (arrossamento cutaneo e prurito); tuttavia, alcune persone e alcuni animali possono soffrire di allergia. In casi estremi, ripetuti morsi di pulce possono causare anemia nell&#8217; ospite. <\/p>\n\n\n\n<p>L&#8217;azione delle pulci penetranti \u00e8 pi\u00f9 impegnativa perch\u00e9 alle lesioni prodotte dal parassita possono aggiungersi <strong>complicazioni settiche<\/strong> e gangrenose, <strong>artriti<\/strong>, <strong>necrosi<\/strong> ossee e tendinee, <strong>fistole<\/strong>, caduta di falangi o di dita.<\/p>\n","protected":false},"excerpt":{"rendered":"<p>La Zecca Gli&nbsp;Ixodida&nbsp;sono un sottordine di acari che comprende tre famiglie di zecche. Le due principali sono:&nbsp;Ixodidae&nbsp;o &#8220;zecche dure&#8221; e&nbsp;Argasidae&nbsp;o &#8220;zecche molli&#8221;. La terza famiglia che comprende una sola specie (Nuttalliella namaqua), \u00e8 quella delle Nuttalliellidae. Sono parassiti ematofagi di molti animali e anche dell&#8217;uomo, e possono essere pericolosi agenti<\/p>\n","protected":false},"author":1,"featured_media":585,"parent":0,"menu_order":0,"comment_status":"closed","ping_status":"closed","template":"","meta":[],"_links":{"self":[{"href":"https:\/\/www.teknoitaliaservice.it\/index.php?rest_route=\/wp\/v2\/pages\/70"}],"collection":[{"href":"https:\/\/www.teknoitaliaservice.it\/index.php?rest_route=\/wp\/v2\/pages"}],"about":[{"href":"https:\/\/www.teknoitaliaservice.it\/index.php?rest_route=\/wp\/v2\/types\/page"}],"author":[{"embeddable":true,"href":"https:\/\/www.teknoitaliaservice.it\/index.php?rest_route=\/wp\/v2\/users\/1"}],"replies":[{"embeddable":true,"href":"https:\/\/www.teknoitaliaservice.it\/index.php?rest_route=%2Fwp%2Fv2%2Fcomments&post=70"}],"version-history":[{"count":5,"href":"https:\/\/www.teknoitaliaservice.it\/index.php?rest_route=\/wp\/v2\/pages\/70\/revisions"}],"predecessor-version":[{"id":885,"href":"https:\/\/www.teknoitaliaservice.it\/index.php?rest_route=\/wp\/v2\/pages\/70\/revisions\/885"}],"wp:featuredmedia":[{"embeddable":true,"href":"https:\/\/www.teknoitaliaservice.it\/index.php?rest_route=\/wp\/v2\/media\/585"}],"wp:attachment":[{"href":"https:\/\/www.teknoitaliaservice.it\/index.php?rest_route=%2Fwp%2Fv2%2Fmedia&parent=70"}],"curies":[{"name":"wp","href":"https:\/\/api.w.org\/{rel}","templated":true}]}}