{"id":66,"date":"2018-12-13T10:16:11","date_gmt":"2018-12-13T09:16:11","guid":{"rendered":"http:\/\/demoti.codebase.it\/?page_id=66"},"modified":"2019-02-03T14:58:54","modified_gmt":"2019-02-03T13:58:54","slug":"vespe-e-calabroni","status":"publish","type":"page","link":"https:\/\/www.teknoitaliaservice.it\/?page_id=66","title":{"rendered":"Vespe e calabroni"},"content":{"rendered":"\n<div class=\"wp-block-image\"><figure class=\"aligncenter is-resized\"><img loading=\"lazy\" src=\"http:\/\/demoti.codebase.it\/wp-content\/uploads\/2019\/02\/VESPE.jpg\" alt=\"\" class=\"wp-image-842\" width=\"588\" height=\"392\" srcset=\"https:\/\/www.teknoitaliaservice.it\/wp-content\/uploads\/2019\/02\/VESPE.jpg 400w, https:\/\/www.teknoitaliaservice.it\/wp-content\/uploads\/2019\/02\/VESPE-300x200.jpg 300w, https:\/\/www.teknoitaliaservice.it\/wp-content\/uploads\/2019\/02\/VESPE-360x240.jpg 360w\" sizes=\"(max-width: 588px) 100vw, 588px\" \/><figcaption>Vespa<\/figcaption><\/figure><\/div>\n\n\n\n<p><strong>Le vespe<\/strong> sono insetti sociali: le loro societ\u00e0 comprendono femmine sterili, operaie, ed una o pi\u00f9 femmine fertili dette regine. I maschi appaiono solo nel periodo riproduttivo. <\/p>\n\n\n\n<p>Nell&#8217;ordine degli Imenotteri si riscontrano molti altri esempi di socialit\u00e0 pi\u00f9 o meno evoluta: il livello di socialit\u00e0 delle vespe, anche se spesso complessa ed affascinante, \u00e8 meno &#8220;evoluta&#8221; di quella delle api e di molte specie di formiche che rappresentano gli esempi evolutivi pi\u00f9 alti della socialit\u00e0 fra gli insetti. \u00a0 \u00a0 \u00a0 \u00a0 \u00a0 \u00a0 \u00a0 \u00a0 \u00a0 \u00a0 \u00a0 \u00a0 \u00a0 \u00a0 \u00a0 \u00a0 \u00a0 \u00a0 \u00a0 \u00a0 \u00a0 \u00a0 \u00a0 \u00a0 \u00a0 \u00a0 \u00a0 \u00a0 \u00a0 \u00a0 \u00a0 \u00a0 \u00a0\u00a0Le femmine sono dotate di un <strong>aculeo velenoso<\/strong> che utilizzano esclusivamente per difesa e la puntura \u00e8 dolorosa, in alcuni casi pericolosa perch\u00e9 potenziale scatenante di <strong>forme allergiche<\/strong>. In tal senso, la vespa pi\u00f9 pericolosa \u00e8 spesso considerata il calabrone.<\/p>\n\n\n\n<div style=\"height:40px\" aria-hidden=\"true\" class=\"wp-block-spacer\"><\/div>\n\n\n\n<div class=\"wp-block-image\"><figure class=\"aligncenter is-resized\"><img loading=\"lazy\" src=\"http:\/\/demoti.codebase.it\/wp-content\/uploads\/2019\/02\/calabrone.jpg\" alt=\"\" class=\"wp-image-843\" width=\"583\" height=\"436\" srcset=\"https:\/\/www.teknoitaliaservice.it\/wp-content\/uploads\/2019\/02\/calabrone.jpg 425w, https:\/\/www.teknoitaliaservice.it\/wp-content\/uploads\/2019\/02\/calabrone-300x224.jpg 300w\" sizes=\"(max-width: 583px) 100vw, 583px\" \/><figcaption>Calabrone<\/figcaption><\/figure><\/div>\n\n\n\n<p>L&#8217;adulto \u00e8 glabro, di colore bruno rossiccio con macchie e strisce gialle, di estensione variabile a seconda della sottospecie. La femmina pu\u00f2 raggiungere i <strong>5 cm di lunghezza<\/strong>, mentre maschio e operaie misurano 2-2,5 cm. I calabroni vivono in nidi esternamente a forma di sfera, costruiti con legno impastato alla loro saliva. Le colonie sono costituite da circa 300-500 esemplari. Pur essendo un insetto prevalentemente diurno, il calabrone svolge anche attivit\u00e0 parzialmente notturna e lo si pu\u00f2 trovare attivo anche in autunno inoltrato.\u00a0<\/p>\n\n\n\n<p><strong>Nei confronti dell&#8217;uomo \u00e8 tendenzialmente indifferente<\/strong> (a differenza della vespa comune, per esempio, che spinta da curiosit\u00e0 pu\u00f2 ronzare intorno, aumentando di fatto le possibilit\u00e0 di puntura); tuttavia, se si pu\u00f2 sostare vicino ad un albero da frutta in presenza di calabroni con una certa tranquillit\u00e0, questi insetti possono diventare <strong>molto aggressivi<\/strong> se provocati o in vicinanza del nido. Gli individui di genere femminile sono dotati di pungiglioni, le cui punture (conseguenti a una reazione difensiva dell&#8217;animale) sono molto dolorose per gli esseri umani.<\/p>\n","protected":false},"excerpt":{"rendered":"<p>Le vespe sono insetti sociali: le loro societ\u00e0 comprendono femmine sterili, operaie, ed una o pi\u00f9 femmine fertili dette regine. I maschi appaiono solo nel periodo riproduttivo. Nell&#8217;ordine degli Imenotteri si riscontrano molti altri esempi di socialit\u00e0 pi\u00f9 o meno evoluta: il livello di socialit\u00e0 delle vespe, anche se spesso<\/p>\n","protected":false},"author":1,"featured_media":585,"parent":0,"menu_order":0,"comment_status":"closed","ping_status":"closed","template":"","meta":[],"_links":{"self":[{"href":"https:\/\/www.teknoitaliaservice.it\/index.php?rest_route=\/wp\/v2\/pages\/66"}],"collection":[{"href":"https:\/\/www.teknoitaliaservice.it\/index.php?rest_route=\/wp\/v2\/pages"}],"about":[{"href":"https:\/\/www.teknoitaliaservice.it\/index.php?rest_route=\/wp\/v2\/types\/page"}],"author":[{"embeddable":true,"href":"https:\/\/www.teknoitaliaservice.it\/index.php?rest_route=\/wp\/v2\/users\/1"}],"replies":[{"embeddable":true,"href":"https:\/\/www.teknoitaliaservice.it\/index.php?rest_route=%2Fwp%2Fv2%2Fcomments&post=66"}],"version-history":[{"count":4,"href":"https:\/\/www.teknoitaliaservice.it\/index.php?rest_route=\/wp\/v2\/pages\/66\/revisions"}],"predecessor-version":[{"id":846,"href":"https:\/\/www.teknoitaliaservice.it\/index.php?rest_route=\/wp\/v2\/pages\/66\/revisions\/846"}],"wp:featuredmedia":[{"embeddable":true,"href":"https:\/\/www.teknoitaliaservice.it\/index.php?rest_route=\/wp\/v2\/media\/585"}],"wp:attachment":[{"href":"https:\/\/www.teknoitaliaservice.it\/index.php?rest_route=%2Fwp%2Fv2%2Fmedia&parent=66"}],"curies":[{"name":"wp","href":"https:\/\/api.w.org\/{rel}","templated":true}]}}