{"id":64,"date":"2018-12-13T10:15:57","date_gmt":"2018-12-13T09:15:57","guid":{"rendered":"http:\/\/demoti.codebase.it\/?page_id=64"},"modified":"2019-02-03T15:03:32","modified_gmt":"2019-02-03T14:03:32","slug":"blatte-e-scarafaggi","status":"publish","type":"page","link":"https:\/\/www.teknoitaliaservice.it\/?page_id=64","title":{"rendered":"Blatte e scarafaggi"},"content":{"rendered":"\n<p style=\"color:#086e0b\" class=\"has-text-color\"><strong>Blatta Orientalis&nbsp;(Blatta&nbsp;Nera)<\/strong><\/p>\n\n\n\n<div class=\"wp-block-image\"><figure class=\"aligncenter is-resized\"><img loading=\"lazy\" src=\"http:\/\/demoti.codebase.it\/wp-content\/uploads\/2019\/02\/Blatta-nera-1.jpg\" alt=\"\" class=\"wp-image-734\" width=\"496\" height=\"304\" srcset=\"https:\/\/www.teknoitaliaservice.it\/wp-content\/uploads\/2019\/02\/Blatta-nera-1.jpg 500w, https:\/\/www.teknoitaliaservice.it\/wp-content\/uploads\/2019\/02\/Blatta-nera-1-300x184.jpg 300w\" sizes=\"(max-width: 496px) 100vw, 496px\" \/><\/figure><\/div>\n\n\n\n<p>La colorazione \u00e8 <strong>bruna<\/strong> <strong>tendente al nero<\/strong>. Questa specie presenta un dimorfismo sessuale mentre il maschio ha ali normali, la femmina ha ali anteriori molto brevi, ali posteriori atrofiche ed entrambe <strong>non sono in grado di volare<\/strong>. La lunghezza \u00e8 compresa tra i 25 e i 33 mm. \u00c8 caratterizzata dalla forma appiattita e da lunghe antenne filiformi. Le femmine maturano un massimo di 16 uova nelle ooteche, lunghe 10 mm, che successivamente vengono deposte in ambienti favorevoli allo sviluppo della prole. Le neanidi schiudono generalmente di notte, sfruttando l&#8217;ampolla cervicale per rompere l&#8217;ooteca ed uscire all&#8217;aperto. <\/p>\n\n\n\n<p style=\"color:#086e0b\" class=\"has-text-color\">Il Ciclo vitale<\/p>\n\n\n\n<p>Il ciclo vitale \u00e8 relativamente lungo: viene completato in circa 10-15 mesi a seconda del clima e delle disponibilit\u00e0 di cibo. Lo stadio di uovo dura da 37 a 81 giorni, quello di ninfa dalle 24 alle 140 settimane, quello della vita da adulto dalle 5 alle 26 settimane.<\/p>\n\n\n\n<div style=\"height:20px\" aria-hidden=\"true\" class=\"wp-block-spacer\"><\/div>\n\n\n\n<p style=\"color:#086e0b\" class=\"has-text-color\"><strong>Blattella Germanica (Fuochista)<\/strong><\/p>\n\n\n\n<div class=\"wp-block-image\"><figure class=\"aligncenter is-resized\"><img loading=\"lazy\" src=\"http:\/\/demoti.codebase.it\/wp-content\/uploads\/2019\/02\/blattella-germanica.jpg\" alt=\"\" class=\"wp-image-737\" width=\"545\" height=\"441\" srcset=\"https:\/\/www.teknoitaliaservice.it\/wp-content\/uploads\/2019\/02\/blattella-germanica.jpg 500w, https:\/\/www.teknoitaliaservice.it\/wp-content\/uploads\/2019\/02\/blattella-germanica-300x243.jpg 300w\" sizes=\"(max-width: 545px) 100vw, 545px\" \/><\/figure><\/div>\n\n\n\n<p>La testa piccola rispetto al resto del corpo \u00e8 caratterizzata da lunghe antenne molto mobili; anche il torace \u00e8 piccolo e la sua parte dorsale (pronoto) presenta due strisce nere che la rendono facilmente riconoscibile. L&#8217;addome molto sviluppato rappresenta circa il 50% del corpo ed \u00e8 diviso in settori.<\/p>\n\n\n\n<p>Queste&nbsp;neanidi nel giro di 40 giorni dalla nascita passano attraverso alcune mute (5-7) raggiungono lo stadio adulto e, dopo meno di dieci giorni le femmine cominciano a deporre nuove ooteche. L&#8217;intervallo tra la deposizione di un&#8217;ooteca e la successiva \u00e8 di circa 3 settimane. Le ooteche vengono generalmente nascoste in posti sicuri, difficilmente raggiungibili, e risultano tra l&#8217;altro praticamente impermeabili nei confronti dei normali prodotti insetticidi.<\/p>\n\n\n\n<p style=\"color:#086e0b\" class=\"has-text-color\">Il Ciclo vitale<\/p>\n\n\n\n<p>La Blatta germanica \u00e8 molto prolifica: una femmina nel suo completo ciclo vitale produce fino a 8 ooteche contenenti dalle 30 alle 40 uova che si schiudono in circa 20 giorni. In questo modo in poche decine di giorni una femmina \u00e8 in grado di dar vita ad una colonia di centinaia di individui.<\/p>\n\n\n\n<div style=\"height:20px\" aria-hidden=\"true\" class=\"wp-block-spacer\"><\/div>\n\n\n\n<p style=\"color:#086e0b\" class=\"has-text-color\"><strong>Periplaneta Americana (Blatta Americana)<\/strong><\/p>\n\n\n\n<div class=\"wp-block-image\"><figure class=\"aligncenter is-resized\"><img loading=\"lazy\" src=\"http:\/\/demoti.codebase.it\/wp-content\/uploads\/2019\/02\/blatta-americana.png\" alt=\"\" class=\"wp-image-740\" width=\"568\" height=\"308\" srcset=\"https:\/\/www.teknoitaliaservice.it\/wp-content\/uploads\/2019\/02\/blatta-americana.png 601w, https:\/\/www.teknoitaliaservice.it\/wp-content\/uploads\/2019\/02\/blatta-americana-300x163.png 300w\" sizes=\"(max-width: 568px) 100vw, 568px\" \/><\/figure><\/div>\n\n\n\n<p>La blatta americana ha un colore <strong>marrone rossastro<\/strong>, leggermente giallognolo lungo il margine dello scudo del\u00a0pronoto, che chiude un&#8217;area centrale marrone scuro. \u00c8 un insetto di <strong>dimensioni notevoli<\/strong>, variabili da 34 a 53 mm (in media 40 mm). Come in tutte le blatte, la femmina presenta un\u00a0addome pi\u00f9 largo rispetto al maschio. Le\u00a0ali\u00a0sono ben sviluppate in entrambi i sessi: nel maschio pi\u00f9 lunghe dell&#8217;addome, nella femmina di pari lunghezza.<br><\/p>\n\n\n\n<p style=\"color:#086e0b\" class=\"has-text-color\">Il Ciclo vitale<\/p>\n\n\n\n<p>L&#8217;ooteca\u00a0ha un colore variabile tra il rosso scuro e il marrone scuro, \u00e8 lunga circa 8 mm e larga 5, contengono fino a 16 uova, con una media di 10. Vengono depositate e cementate su superfici vicine a fonti di nutrimento o lasciate cadere in crepe. La femmina non depone la capsula delle uova appena questa \u00e8 formata, ma la pu\u00f2 portare con s\u00e9, come un corpo che sporge posteriormente dal suo addome, per un periodo che varia tra qualche ora e 4 giorni. Le uova si schiudono in circa due mesi, e raggiunge la maturit\u00e0 con 13 mute in circa 6 mesi. <strong>La femmina pu\u00f2 produrre 12-14 ooteche<\/strong> che schiudono dopo 1-2 mesi. Lo sviluppo si compie in un periodo di durata variabile tra 5 e 15 mesi in relazione alle condizioni di temperatura e umidit\u00e0.<\/p>\n","protected":false},"excerpt":{"rendered":"<p>Blatta Orientalis&nbsp;(Blatta&nbsp;Nera) La colorazione \u00e8 bruna tendente al nero. Questa specie presenta un dimorfismo sessuale mentre il maschio ha ali normali, la femmina ha ali anteriori molto brevi, ali posteriori atrofiche ed entrambe non sono in grado di volare. La lunghezza \u00e8 compresa tra i 25 e i 33 mm.<\/p>\n","protected":false},"author":1,"featured_media":585,"parent":0,"menu_order":0,"comment_status":"closed","ping_status":"closed","template":"","meta":[],"_links":{"self":[{"href":"https:\/\/www.teknoitaliaservice.it\/index.php?rest_route=\/wp\/v2\/pages\/64"}],"collection":[{"href":"https:\/\/www.teknoitaliaservice.it\/index.php?rest_route=\/wp\/v2\/pages"}],"about":[{"href":"https:\/\/www.teknoitaliaservice.it\/index.php?rest_route=\/wp\/v2\/types\/page"}],"author":[{"embeddable":true,"href":"https:\/\/www.teknoitaliaservice.it\/index.php?rest_route=\/wp\/v2\/users\/1"}],"replies":[{"embeddable":true,"href":"https:\/\/www.teknoitaliaservice.it\/index.php?rest_route=%2Fwp%2Fv2%2Fcomments&post=64"}],"version-history":[{"count":13,"href":"https:\/\/www.teknoitaliaservice.it\/index.php?rest_route=\/wp\/v2\/pages\/64\/revisions"}],"predecessor-version":[{"id":850,"href":"https:\/\/www.teknoitaliaservice.it\/index.php?rest_route=\/wp\/v2\/pages\/64\/revisions\/850"}],"wp:featuredmedia":[{"embeddable":true,"href":"https:\/\/www.teknoitaliaservice.it\/index.php?rest_route=\/wp\/v2\/media\/585"}],"wp:attachment":[{"href":"https:\/\/www.teknoitaliaservice.it\/index.php?rest_route=%2Fwp%2Fv2%2Fmedia&parent=64"}],"curies":[{"name":"wp","href":"https:\/\/api.w.org\/{rel}","templated":true}]}}