{"id":54,"date":"2018-12-13T10:13:51","date_gmt":"2018-12-13T09:13:51","guid":{"rendered":"http:\/\/demoti.codebase.it\/?page_id=54"},"modified":"2019-02-03T14:34:19","modified_gmt":"2019-02-03T13:34:19","slug":"azoto-liquido","status":"publish","type":"page","link":"https:\/\/www.teknoitaliaservice.it\/?page_id=54","title":{"rendered":"Azoto liquido"},"content":{"rendered":"\n<div class=\"wp-block-columns alignwide has-2-columns\">\n<div class=\"wp-block-column\">\n<figure class=\"wp-block-image is-resized\"><img loading=\"lazy\" src=\"http:\/\/demoti.codebase.it\/wp-content\/uploads\/2019\/01\/cold-zone-ekomille.jpg\" alt=\"\" class=\"wp-image-656\" width=\"373\" height=\"392\"\/><\/figure>\n\n\n\n<div style=\"height:95px\" aria-hidden=\"true\" class=\"wp-block-spacer\"><\/div>\n\n\n\n<p style=\"color:#086e0b\" class=\"has-text-color\"><strong>Sicuro:<\/strong><\/p>\n\n\n\n<p>L&#8217;azoto \u00e8 <strong>sicuro<\/strong> al contrario dei pesticidi tradizionali, in quanto avendo grado di <strong>tossicit\u00e0 zero<\/strong> l&#8217;ambiente sar\u00e0 subito abitabile dopo il trattamento.<\/p>\n\n\n\n<p><\/p>\n<\/div>\n\n\n\n<div class=\"wp-block-column\">\n<p style=\"color:#086e0b\" class=\"has-text-color\"><strong>Vantaggi&nbsp;dei&nbsp;trattamenti&nbsp;con&nbsp;Azoto<\/strong><\/p>\n\n\n\n<p style=\"color:#086e0b\" class=\"has-text-color\"><strong>Ecologico:<\/strong><\/p>\n\n\n\n<p>L&#8217;azoto \u00e8 ecologico in quanto \u00e8 presente in natura nell&#8217;aria, \u00e8 utilizzato da tempo nelle industrie alimentari per conservare i prodotti.<\/p>\n\n\n\n<p style=\"color:#086e0b\" class=\"has-text-color\"><strong>Economico:<\/strong><\/p>\n\n\n\n<p>I trattamenti mirati con azoto sono pi\u00f9 economici di quelli tradizionali, poich\u00e8 non bisogna predisporre l&#8217;ambiente al trattamento.<\/p>\n\n\n\n<p style=\"color:#086e0b\" class=\"has-text-color\"><strong>Campi&nbsp;di&nbsp;impiego:<\/strong><\/p>\n\n\n\n<p>L&#8217;impianto \u00e8 particolarmente indicato per il trattamento contro la <strong>cimice dei letti, le zecche, le pulci, lo scleroderma<\/strong>. \u00c8&#8217; ideale per il trattamento degli ambienti da insetti striscianti quali formiche, blatte (scarafaggi), pesciolini d&#8217;argento etc.<\/p>\n\n\n\n<p>Pu\u00f2 essere distribuito anche all&#8217;interno delle apparecchiature elettriche &#8211; luogo ideale per la deposizione delle uova.<\/p>\n<\/div>\n<\/div>\n","protected":false},"excerpt":{"rendered":"<p>Sicuro: L&#8217;azoto \u00e8 sicuro al contrario dei pesticidi tradizionali, in quanto avendo grado di tossicit\u00e0 zero l&#8217;ambiente sar\u00e0 subito abitabile dopo il trattamento. Vantaggi&nbsp;dei&nbsp;trattamenti&nbsp;con&nbsp;Azoto Ecologico: L&#8217;azoto \u00e8 ecologico in quanto \u00e8 presente in natura nell&#8217;aria, \u00e8 utilizzato da tempo nelle industrie alimentari per conservare i prodotti. Economico: I trattamenti mirati<\/p>\n","protected":false},"author":1,"featured_media":585,"parent":0,"menu_order":0,"comment_status":"closed","ping_status":"closed","template":"","meta":[],"_links":{"self":[{"href":"https:\/\/www.teknoitaliaservice.it\/index.php?rest_route=\/wp\/v2\/pages\/54"}],"collection":[{"href":"https:\/\/www.teknoitaliaservice.it\/index.php?rest_route=\/wp\/v2\/pages"}],"about":[{"href":"https:\/\/www.teknoitaliaservice.it\/index.php?rest_route=\/wp\/v2\/types\/page"}],"author":[{"embeddable":true,"href":"https:\/\/www.teknoitaliaservice.it\/index.php?rest_route=\/wp\/v2\/users\/1"}],"replies":[{"embeddable":true,"href":"https:\/\/www.teknoitaliaservice.it\/index.php?rest_route=%2Fwp%2Fv2%2Fcomments&post=54"}],"version-history":[{"count":12,"href":"https:\/\/www.teknoitaliaservice.it\/index.php?rest_route=\/wp\/v2\/pages\/54\/revisions"}],"predecessor-version":[{"id":822,"href":"https:\/\/www.teknoitaliaservice.it\/index.php?rest_route=\/wp\/v2\/pages\/54\/revisions\/822"}],"wp:featuredmedia":[{"embeddable":true,"href":"https:\/\/www.teknoitaliaservice.it\/index.php?rest_route=\/wp\/v2\/media\/585"}],"wp:attachment":[{"href":"https:\/\/www.teknoitaliaservice.it\/index.php?rest_route=%2Fwp%2Fv2%2Fmedia&parent=54"}],"curies":[{"name":"wp","href":"https:\/\/api.w.org\/{rel}","templated":true}]}}