{"id":48,"date":"2018-12-13T10:12:29","date_gmt":"2018-12-13T09:12:29","guid":{"rendered":"http:\/\/demoti.codebase.it\/?page_id=48"},"modified":"2019-02-03T14:18:08","modified_gmt":"2019-02-03T13:18:08","slug":"lampade-moschicida-insetticida","status":"publish","type":"page","link":"https:\/\/www.teknoitaliaservice.it\/?page_id=48","title":{"rendered":"Lampade moschicida-insetticida"},"content":{"rendered":"\n<div class=\"wp-block-columns alignwide has-2-columns\">\n<div class=\"wp-block-column\">\n<figure class=\"wp-block-image\"><img loading=\"lazy\" width=\"640\" height=\"640\" src=\"http:\/\/demoti.codebase.it\/wp-content\/uploads\/2019\/01\/ftp30.jpg\" alt=\"\" class=\"wp-image-614\" srcset=\"https:\/\/www.teknoitaliaservice.it\/wp-content\/uploads\/2019\/01\/ftp30.jpg 640w, https:\/\/www.teknoitaliaservice.it\/wp-content\/uploads\/2019\/01\/ftp30-150x150.jpg 150w, https:\/\/www.teknoitaliaservice.it\/wp-content\/uploads\/2019\/01\/ftp30-300x300.jpg 300w\" sizes=\"(max-width: 640px) 100vw, 640px\" \/><figcaption><br><\/figcaption><\/figure>\n\n\n\n<div style=\"height:67px\" aria-hidden=\"true\" class=\"wp-block-spacer\"><\/div>\n\n\n\n<p style=\"color:#086e0b\" class=\"has-text-color\"><strong>Neon Attinici di sicurezza<\/strong><\/p>\n\n\n\n<p>I bulbi montati su portalampada a tenuta stagna, sono dotate di guaina antifrantumazione per la protezione del tubo: in caso di <strong>rottura dei vetri <\/strong>questi <strong>non si disperdono<\/strong> nell\u2019ambiente e contemporaneamente i gas della lampada non fuoriescono. La guaina \u00e8 perfettamente trasparente ai raggi UV-A.<\/p>\n<\/div>\n\n\n\n<div class=\"wp-block-column\">\n<p style=\"color:#086e0b\" class=\"has-text-color\"><strong>Struttura<\/strong><\/p>\n\n\n\n<p>Il prodotto \u00e8 realizzato interamente in acciaio <strong>inox AISI 304<\/strong>, saldato e trattato per l\u2019utilizzazione in ambienti dove si preparano alimenti. Tutti i modelli sono dotati di portalampada a tenuta stagna, cavo di presa di rete e presa di rete in gomma a tenuta stagna per evitare che l&#8217;acqua si insunui nei circuiti, guarnizione tra carrozzeria e coperchio, al fine di rendere il tutto impermeabile all&#8217;acqua, polvere o vapore. Il grande vantaggio delle lampade moschicida \u00e8 l&#8217;opportunit\u00e0 di monitorare gli insetti catturati e pu\u00f2 essere utilizzata anche in ambienti dove le lavorazioni creano atmosfere incendiabili, quali zuccherifici e panifici.<\/p>\n\n\n\n<p><strong>Sicurezza<\/strong><br>I modelli sono approvati IMQ nelle classi che variano da ip 45 a ip 65 e conformi alla normativa CE<\/p>\n\n\n\n<figure class=\"wp-block-image is-resized\"><img loading=\"lazy\" src=\"http:\/\/demoti.codebase.it\/wp-content\/uploads\/2019\/01\/neon_uv_mod_q14tc5.jpg\" alt=\"\" class=\"wp-image-617\" width=\"372\" height=\"372\" srcset=\"https:\/\/www.teknoitaliaservice.it\/wp-content\/uploads\/2019\/01\/neon_uv_mod_q14tc5.jpg 295w, https:\/\/www.teknoitaliaservice.it\/wp-content\/uploads\/2019\/01\/neon_uv_mod_q14tc5-150x150.jpg 150w\" sizes=\"(max-width: 372px) 100vw, 372px\" \/><\/figure>\n\n\n\n<p><\/p>\n<\/div>\n<\/div>\n","protected":false},"excerpt":{"rendered":"<p>Neon Attinici di sicurezza I bulbi montati su portalampada a tenuta stagna, sono dotate di guaina antifrantumazione per la protezione del tubo: in caso di rottura dei vetri questi non si disperdono nell\u2019ambiente e contemporaneamente i gas della lampada non fuoriescono. La guaina \u00e8 perfettamente trasparente ai raggi UV-A. Struttura<\/p>\n","protected":false},"author":1,"featured_media":585,"parent":0,"menu_order":0,"comment_status":"closed","ping_status":"closed","template":"","meta":[],"_links":{"self":[{"href":"https:\/\/www.teknoitaliaservice.it\/index.php?rest_route=\/wp\/v2\/pages\/48"}],"collection":[{"href":"https:\/\/www.teknoitaliaservice.it\/index.php?rest_route=\/wp\/v2\/pages"}],"about":[{"href":"https:\/\/www.teknoitaliaservice.it\/index.php?rest_route=\/wp\/v2\/types\/page"}],"author":[{"embeddable":true,"href":"https:\/\/www.teknoitaliaservice.it\/index.php?rest_route=\/wp\/v2\/users\/1"}],"replies":[{"embeddable":true,"href":"https:\/\/www.teknoitaliaservice.it\/index.php?rest_route=%2Fwp%2Fv2%2Fcomments&post=48"}],"version-history":[{"count":10,"href":"https:\/\/www.teknoitaliaservice.it\/index.php?rest_route=\/wp\/v2\/pages\/48\/revisions"}],"predecessor-version":[{"id":803,"href":"https:\/\/www.teknoitaliaservice.it\/index.php?rest_route=\/wp\/v2\/pages\/48\/revisions\/803"}],"wp:featuredmedia":[{"embeddable":true,"href":"https:\/\/www.teknoitaliaservice.it\/index.php?rest_route=\/wp\/v2\/media\/585"}],"wp:attachment":[{"href":"https:\/\/www.teknoitaliaservice.it\/index.php?rest_route=%2Fwp%2Fv2%2Fmedia&parent=48"}],"curies":[{"name":"wp","href":"https:\/\/api.w.org\/{rel}","templated":true}]}}