{"id":46,"date":"2018-12-13T10:12:04","date_gmt":"2018-12-13T09:12:04","guid":{"rendered":"http:\/\/demoti.codebase.it\/?page_id=46"},"modified":"2019-01-30T16:43:17","modified_gmt":"2019-01-30T15:43:17","slug":"insetticidi","status":"publish","type":"page","link":"https:\/\/www.teknoitaliaservice.it\/?page_id=46","title":{"rendered":"Insetticidi"},"content":{"rendered":"\n<div class=\"wp-block-columns alignwide has-2-columns\">\n<div class=\"wp-block-column\">\n<p style=\"color:#086e0b\" class=\"has-text-color\"><strong>Le Piretrine<\/strong><\/p>\n\n\n\n<figure class=\"wp-block-image is-resized\"><img loading=\"lazy\" src=\"http:\/\/demoti.codebase.it\/wp-content\/uploads\/2019\/01\/1-piretrine-naturali.jpg\" alt=\"\" class=\"wp-image-586\" width=\"420\" height=\"210\" srcset=\"https:\/\/www.teknoitaliaservice.it\/wp-content\/uploads\/2019\/01\/1-piretrine-naturali.jpg 318w, https:\/\/www.teknoitaliaservice.it\/wp-content\/uploads\/2019\/01\/1-piretrine-naturali-300x150.jpg 300w\" sizes=\"(max-width: 420px) 100vw, 420px\" \/><\/figure>\n\n\n\n<p>Le&nbsp;<strong>piretrine<\/strong>&nbsp;sono insetticidi naturali prodotti da alcune specie di crisantemi. Per produrre questa sostanza si etrae il principio attivo mediante solventi chimici.&nbsp;<\/p>\n\n\n\n<p>Gli estratti ottenuti da questi procedimenti ci portano ad avere una sostanza con circa il 30% di principi attivi, queste sostanze sono conosciute con il nome di piretrine naturali.<\/p>\n\n\n\n<p><\/p>\n\n\n\n<p style=\"color:#086e0b\" class=\"has-text-color\"><strong>I Piretroidi fotostabili<\/strong><\/p>\n\n\n\n<figure class=\"wp-block-image is-resized\"><img loading=\"lazy\" src=\"http:\/\/demoti.codebase.it\/wp-content\/uploads\/2019\/01\/3-deltametrina-1024x411.png\" alt=\"\" class=\"wp-image-589\" width=\"449\" height=\"180\" srcset=\"https:\/\/www.teknoitaliaservice.it\/wp-content\/uploads\/2019\/01\/3-deltametrina-1024x411.png 1024w, https:\/\/www.teknoitaliaservice.it\/wp-content\/uploads\/2019\/01\/3-deltametrina-300x120.png 300w, https:\/\/www.teknoitaliaservice.it\/wp-content\/uploads\/2019\/01\/3-deltametrina-768x308.png 768w, https:\/\/www.teknoitaliaservice.it\/wp-content\/uploads\/2019\/01\/3-deltametrina.png 1100w\" sizes=\"(max-width: 449px) 100vw, 449px\" \/><\/figure>\n\n\n\n<div style=\"height:25px\" aria-hidden=\"true\" class=\"wp-block-spacer\"><\/div>\n\n\n\n<p>L&#8217;ultima generazione di piretroidi porta a dei prodotti fotostabili e cio\u00e8 che non si degradano con la luce ne con il calore, si degradano in 2-4 settimane grazie all&#8217;azione di microrganismi presenti in natura.<\/p>\n\n\n\n<p>Sono atossici per gli animali a sangue caldo, mentre sono tossici per quelli a sangue freddo.<\/p>\n\n\n\n<p>I principali piretroidi fotostabili sono&nbsp;<strong>Deltametrina<\/strong>,&nbsp;<strong>Permetrina<\/strong>&nbsp;e&nbsp;<strong>Cipermetrina<\/strong><\/p>\n<\/div>\n\n\n\n<div class=\"wp-block-column\">\n<p style=\"color:#086e0b\" class=\"has-text-color\"><strong>Le Piretrine Naturali<\/strong><\/p>\n\n\n\n<figure class=\"wp-block-image is-resized\"><img loading=\"lazy\" src=\"http:\/\/demoti.codebase.it\/wp-content\/uploads\/2019\/01\/2-tetrametrina.jpg\" alt=\"\" class=\"wp-image-588\" width=\"444\" height=\"174\" srcset=\"https:\/\/www.teknoitaliaservice.it\/wp-content\/uploads\/2019\/01\/2-tetrametrina.jpg 450w, https:\/\/www.teknoitaliaservice.it\/wp-content\/uploads\/2019\/01\/2-tetrametrina-300x118.jpg 300w\" sizes=\"(max-width: 444px) 100vw, 444px\" \/><figcaption>  <\/figcaption><\/figure>\n\n\n\n<p>Sostituite non perch\u00e8 non svolgessero il loro compito correttamente, ma solamente perch\u00e8 la crescente richiesta di mercato e la produzione limitata port\u00f2 a dei grandi aumenti di prezzo. I principali piretroidi fotolabili sono <strong>Alletrina<\/strong> <strong>Tetrametrina<\/strong> e <strong>Resmetrina<\/strong>.<\/p>\n\n\n\n<p>Le <strong>piretrine naturali<\/strong> sono state sostituite dai piretroidi cio\u00e8 sostanze derivate dalle piretrine ma di origine chimica.<\/p>\n\n\n\n<div style=\"height:20px\" aria-hidden=\"true\" class=\"wp-block-spacer\"><\/div>\n\n\n\n<p style=\"color:#086e0b\" class=\"has-text-color\"><strong>L&#8217;Imidacloprid<\/strong><\/p>\n\n\n\n<figure class=\"wp-block-image is-resized\"><img loading=\"lazy\" src=\"http:\/\/demoti.codebase.it\/wp-content\/uploads\/2019\/01\/4-Imidacloprid.png\" alt=\"\" class=\"wp-image-590\" width=\"311\" height=\"199\" srcset=\"https:\/\/www.teknoitaliaservice.it\/wp-content\/uploads\/2019\/01\/4-Imidacloprid.png 354w, https:\/\/www.teknoitaliaservice.it\/wp-content\/uploads\/2019\/01\/4-Imidacloprid-300x192.png 300w\" sizes=\"(max-width: 311px) 100vw, 311px\" \/><\/figure>\n\n\n\n<p>L&#8217;<strong>imidacloprid<\/strong> \u00e8 un insetticida sistemico, \u00e8 un composto bis-eterociclico alogenato strutturalmente simile alla nicotina da cui differisce per geometria, dimensione e la presenza di un gruppo nitrilimminico. Pu\u00f2 assumere diverse forme cristalline variando le sue propriet\u00e0 cromatiche e il Ph. Da recenti stime \u00e8 considerato uno dei pi\u00f9 diffusi insetticidi di nuova generazione, ci\u00f2 \u00e8 giustificato dall&#8217;ampissimo spettro di azione sugli insetti.<\/p>\n<\/div>\n<\/div>\n\n\n\n<p><br><\/p>\n","protected":false},"excerpt":{"rendered":"<p>Le Piretrine Le&nbsp;piretrine&nbsp;sono insetticidi naturali prodotti da alcune specie di crisantemi. Per produrre questa sostanza si etrae il principio attivo mediante solventi chimici.&nbsp; Gli estratti ottenuti da questi procedimenti ci portano ad avere una sostanza con circa il 30% di principi attivi, queste sostanze sono conosciute con il nome di<\/p>\n","protected":false},"author":1,"featured_media":585,"parent":0,"menu_order":0,"comment_status":"closed","ping_status":"closed","template":"","meta":[],"_links":{"self":[{"href":"https:\/\/www.teknoitaliaservice.it\/index.php?rest_route=\/wp\/v2\/pages\/46"}],"collection":[{"href":"https:\/\/www.teknoitaliaservice.it\/index.php?rest_route=\/wp\/v2\/pages"}],"about":[{"href":"https:\/\/www.teknoitaliaservice.it\/index.php?rest_route=\/wp\/v2\/types\/page"}],"author":[{"embeddable":true,"href":"https:\/\/www.teknoitaliaservice.it\/index.php?rest_route=\/wp\/v2\/users\/1"}],"replies":[{"embeddable":true,"href":"https:\/\/www.teknoitaliaservice.it\/index.php?rest_route=%2Fwp%2Fv2%2Fcomments&post=46"}],"version-history":[{"count":20,"href":"https:\/\/www.teknoitaliaservice.it\/index.php?rest_route=\/wp\/v2\/pages\/46\/revisions"}],"predecessor-version":[{"id":612,"href":"https:\/\/www.teknoitaliaservice.it\/index.php?rest_route=\/wp\/v2\/pages\/46\/revisions\/612"}],"wp:featuredmedia":[{"embeddable":true,"href":"https:\/\/www.teknoitaliaservice.it\/index.php?rest_route=\/wp\/v2\/media\/585"}],"wp:attachment":[{"href":"https:\/\/www.teknoitaliaservice.it\/index.php?rest_route=%2Fwp%2Fv2%2Fmedia&parent=46"}],"curies":[{"name":"wp","href":"https:\/\/api.w.org\/{rel}","templated":true}]}}