{"id":42,"date":"2018-12-13T10:11:33","date_gmt":"2018-12-13T09:11:33","guid":{"rendered":"http:\/\/demoti.codebase.it\/?page_id=42"},"modified":"2019-01-30T10:38:46","modified_gmt":"2019-01-30T09:38:46","slug":"rattus-rattus","status":"publish","type":"page","link":"https:\/\/www.teknoitaliaservice.it\/?page_id=42","title":{"rendered":"Rattus Rattus"},"content":{"rendered":"\n<figure class=\"wp-block-image is-resized\"><img loading=\"lazy\" src=\"http:\/\/demoti.codebase.it\/wp-content\/uploads\/2019\/01\/ratto-nero.jpg\" alt=\"\" class=\"wp-image-573\" width=\"730\" height=\"487\" srcset=\"https:\/\/www.teknoitaliaservice.it\/wp-content\/uploads\/2019\/01\/ratto-nero.jpg 500w, https:\/\/www.teknoitaliaservice.it\/wp-content\/uploads\/2019\/01\/ratto-nero-300x200.jpg 300w, https:\/\/www.teknoitaliaservice.it\/wp-content\/uploads\/2019\/01\/ratto-nero-360x240.jpg 360w\" sizes=\"(max-width: 730px) 100vw, 730px\" \/><\/figure>\n\n\n\n<p>Il&nbsp;ratto nero&nbsp;o&nbsp;ratto comune&nbsp;(Rattus Rattus)&nbsp;\u00e8 un&nbsp;mammifero roditore&nbsp;appartenente alla&nbsp;famiglia Muridea.<br>E&#8217; inserita nelle 100 specie pi\u00f9 dannose al mondo.<\/p>\n\n\n\n<figure class=\"wp-block-image is-resized\"><img loading=\"lazy\" src=\"http:\/\/demoti.codebase.it\/wp-content\/uploads\/2019\/01\/rattonero1.jpg\" alt=\"\" class=\"wp-image-574\" width=\"731\" height=\"514\" srcset=\"https:\/\/www.teknoitaliaservice.it\/wp-content\/uploads\/2019\/01\/rattonero1.jpg 600w, https:\/\/www.teknoitaliaservice.it\/wp-content\/uploads\/2019\/01\/rattonero1-300x212.jpg 300w\" sizes=\"(max-width: 731px) 100vw, 731px\" \/><\/figure>\n\n\n\n<p style=\"color:#086e0b\" class=\"has-text-color\"><strong>Distribuzione<\/strong><\/p>\n\n\n\n<p>La specie, con tutta probabilit\u00e0 originaria dell&#8217;Asia&nbsp;si diffuse al seguito dei commercianti&nbsp;Arabi&nbsp;in gran parte dell&#8217;Asia, ed in seguito raggiunse l&#8217;Europa&nbsp;con le navi di ritorno dalla Terra Santa&nbsp;durante le Crociate.&nbsp;Da qui, al seguito dei viaggi per mare di mercanti e coloni europei, si diffuse man mano in tutto il mondo.<\/p>\n\n\n\n<p style=\"color:#086e0b\" class=\"has-text-color\"><strong>Aspetto<\/strong><\/p>\n\n\n\n<p>Misura fino a 40&nbsp;cm ed oltre di lunghezza, di cui la met\u00e0 o poco pi\u00f9 spetta alla lunga coda. Il peso si aggira attorno ai 200&nbsp;g, tuttavia non sono rari esemplari di 300&nbsp;g. I maschi sono generalmente pi\u00f9 grossi e robusti rispetto alle femmine.<\/p>\n\n\n\n<p style=\"color:#086e0b\" class=\"has-text-color\"><strong>Riproduzione<\/strong><\/p>\n\n\n\n<p>I ratti neri non hanno un periodo riproduttivo preciso, ma le femmine possono riprodursi durante tutto l&#8217;anno (con picchi in estate ed autunno), dando alla luce fino a cinque nidiate l&#8217;anno se le condizioni climatiche lo consentono. La gestazione&nbsp;dura poco meno di un mese, al termine del quale viene dato alla luce un numero di cuccioli variabile fra i 5 ed i 12: in prossimit\u00e0 del parto, la femmina comincia ad imbottire il nido con una grande quantit\u00e0 di materiale morbido, come foglie secche e muschio, ma anche carta e plastica. I cuccioli nascono glabri, ciechi e sordi: non aprono gli occhi prima delle due settimane d&#8217;et\u00e0 e vengono svezzati attorno al mese; possono dirsi indipendenti gi\u00e0 appena dopo lo svezzamento, anche se non si allontanano dal nido prima di aver raggiunto la taglia adulta. Per raggiungere la maturit\u00e0 sessuale, tuttavia, impiegheranno dai 3 ai 5 mesi.<\/p>\n\n\n\n<p style=\"color:#086e0b\" class=\"has-text-color\"><strong>Alimentazione<\/strong><\/p>\n\n\n\n<p>il ratto nero \u00e8 prettamente erbivoro: si nutre in prevalenza di cereali, frutta e granaglie, depredando i silos&nbsp;nelle aree rurali e portuali e causando danni anche ingenti, in quanto contamina il cibo con urina ed escrementi, rendendosi cos\u00ec veicolo di numerose malattie come la toxoplasmosi. All&#8217;occorrenza, il ratto nero non disdegna di nutrirsi anche di insetti&nbsp;o di altri invertebrati, mangiando in caso di necessit\u00e0 qualsiasi cosa riesca a digerire.<\/p>\n\n\n\n<p>Generalmente, un ratto nero di medie dimensioni consuma 15 g di cibo e 15 ml di acqua al giorno.<strong>&nbsp;&nbsp;&nbsp; &nbsp;&nbsp;&nbsp; &nbsp; &nbsp; &nbsp; &nbsp; &nbsp; &nbsp; &nbsp;&nbsp;<\/strong><\/p>\n","protected":false},"excerpt":{"rendered":"<p>Il&nbsp;ratto nero&nbsp;o&nbsp;ratto comune&nbsp;(Rattus Rattus)&nbsp;\u00e8 un&nbsp;mammifero roditore&nbsp;appartenente alla&nbsp;famiglia Muridea.E&#8217; inserita nelle 100 specie pi\u00f9 dannose al mondo. Distribuzione La specie, con tutta probabilit\u00e0 originaria dell&#8217;Asia&nbsp;si diffuse al seguito dei commercianti&nbsp;Arabi&nbsp;in gran parte dell&#8217;Asia, ed in seguito raggiunse l&#8217;Europa&nbsp;con le navi di ritorno dalla Terra Santa&nbsp;durante le Crociate.&nbsp;Da qui, al seguito dei<\/p>\n","protected":false},"author":1,"featured_media":419,"parent":0,"menu_order":0,"comment_status":"closed","ping_status":"closed","template":"","meta":[],"_links":{"self":[{"href":"https:\/\/www.teknoitaliaservice.it\/index.php?rest_route=\/wp\/v2\/pages\/42"}],"collection":[{"href":"https:\/\/www.teknoitaliaservice.it\/index.php?rest_route=\/wp\/v2\/pages"}],"about":[{"href":"https:\/\/www.teknoitaliaservice.it\/index.php?rest_route=\/wp\/v2\/types\/page"}],"author":[{"embeddable":true,"href":"https:\/\/www.teknoitaliaservice.it\/index.php?rest_route=\/wp\/v2\/users\/1"}],"replies":[{"embeddable":true,"href":"https:\/\/www.teknoitaliaservice.it\/index.php?rest_route=%2Fwp%2Fv2%2Fcomments&post=42"}],"version-history":[{"count":5,"href":"https:\/\/www.teknoitaliaservice.it\/index.php?rest_route=\/wp\/v2\/pages\/42\/revisions"}],"predecessor-version":[{"id":581,"href":"https:\/\/www.teknoitaliaservice.it\/index.php?rest_route=\/wp\/v2\/pages\/42\/revisions\/581"}],"wp:featuredmedia":[{"embeddable":true,"href":"https:\/\/www.teknoitaliaservice.it\/index.php?rest_route=\/wp\/v2\/media\/419"}],"wp:attachment":[{"href":"https:\/\/www.teknoitaliaservice.it\/index.php?rest_route=%2Fwp%2Fv2%2Fmedia&parent=42"}],"curies":[{"name":"wp","href":"https:\/\/api.w.org\/{rel}","templated":true}]}}