{"id":34,"date":"2018-12-13T10:10:32","date_gmt":"2018-12-13T09:10:32","guid":{"rendered":"http:\/\/demoti.codebase.it\/?page_id=34"},"modified":"2019-02-14T18:20:36","modified_gmt":"2019-02-14T17:20:36","slug":"i-erogatori-di-rdenticida","status":"publish","type":"page","link":"https:\/\/www.teknoitaliaservice.it\/?page_id=34","title":{"rendered":"Rodenticida"},"content":{"rendered":"\n<div style=\"height:50px\" aria-hidden=\"true\" class=\"wp-block-spacer\"><\/div>\n\n\n\n<figure class=\"wp-block-image alignwide\"><img loading=\"lazy\" width=\"1024\" height=\"205\" src=\"http:\/\/demoti.codebase.it\/wp-content\/uploads\/2019\/02\/rodenticidi-2-1024x205.png\" alt=\"\" class=\"wp-image-1006\" srcset=\"https:\/\/www.teknoitaliaservice.it\/wp-content\/uploads\/2019\/02\/rodenticidi-2-1024x205.png 1024w, https:\/\/www.teknoitaliaservice.it\/wp-content\/uploads\/2019\/02\/rodenticidi-2-300x60.png 300w, https:\/\/www.teknoitaliaservice.it\/wp-content\/uploads\/2019\/02\/rodenticidi-2-768x154.png 768w, https:\/\/www.teknoitaliaservice.it\/wp-content\/uploads\/2019\/02\/rodenticidi-2.png 1200w\" sizes=\"(max-width: 1024px) 100vw, 1024px\" \/><\/figure>\n\n\n\n<figure class=\"wp-block-image alignwide\"><img loading=\"lazy\" width=\"600\" height=\"172\" src=\"http:\/\/demoti.codebase.it\/wp-content\/uploads\/2019\/01\/esca_in_pasta_fresca.jpg\" alt=\"\" class=\"wp-image-431\" srcset=\"https:\/\/www.teknoitaliaservice.it\/wp-content\/uploads\/2019\/01\/esca_in_pasta_fresca.jpg 600w, https:\/\/www.teknoitaliaservice.it\/wp-content\/uploads\/2019\/01\/esca_in_pasta_fresca-300x86.jpg 300w\" sizes=\"(max-width: 600px) 100vw, 600px\" \/><\/figure>\n\n\n\n<div class=\"wp-block-columns alignwide has-2-columns\">\n<div class=\"wp-block-column\">\n<p style=\"color:#086e0b;text-align:left\" class=\"has-text-color\"><strong>Rodenticidi&nbsp;acuti&nbsp;e&nbsp;sub&nbsp;acuti<\/strong><\/p>\n\n\n\n<p>I&nbsp;<strong>rodenticidi acuti<\/strong>&nbsp;e&nbsp;<strong>sub acuti<\/strong>&nbsp;sono cos\u00ec definiti perch\u00e8 sono in grado di portare alla morte un individuo in meno di 24 ore.<\/p>\n\n\n\n<p>Questi veleni per\u00f2 <strong>presentano anche degli inconvenienti<\/strong>, per prima cosa non dispongono di antidoti efficaci e anche quelli di cui si dispone dell&#8217;antidoto sono talmente rapidi nella loro azione che \u00e8 difficoltoso capire i sintomi di un avvelenamento e somministrare in tempo il giusto antidoto.<\/p>\n\n\n\n<div style=\"height:20px\" aria-hidden=\"true\" class=\"wp-block-spacer\"><\/div>\n\n\n\n<p>I veleni acuti e sub-acuti sono molto potenti ma talvolta, paradossalmente, di <strong>scarsa efficacia<\/strong> poich\u00e8 i topi sono animali scaltri e diffidenti e dopo essere stati avvelenati da una dose non letale associano ci\u00f2 che ha provocato il malore con quello di cui si sono nutriti. Da quel momento il topo diffider\u00e0 dall&#8217;assumere ancora quella sostanza.<\/p>\n\n\n\n<p><br><\/p>\n<\/div>\n\n\n\n<div class=\"wp-block-column\">\n<p style=\"color:#086e0b;text-align:left\" class=\"has-text-color\"><strong>Gli anticoagulanti di 1\u00b0 e 2\u00b0 Generazione<\/strong><\/p>\n\n\n\n<p>Il&nbsp;<strong>WARFARIN<\/strong>&nbsp;venne scoperto casualmente come prodotto della fermentazione di una specie di trifoglio; Fermentando, produce <strong>dicumarolo<\/strong>, che a causa del suo effetto anticoagulante caus\u00f2 una consistente mor\u00eca di capi negli allevamenti del Winsconsin. Da questo moment\u00f2 si inizio ad usare come topicida.<\/p>\n\n\n\n<p>Il Surmolotto o Rattus Norvegicus per\u00f2 negli anni divenne immune al veleno costringendoci a trovare nuove soluzioni:              <\/p>\n\n\n\n<p style=\"color:#086e0b\" class=\"has-text-color\"><strong>Gli anticoagulanti di 2\u00b0 generazione<\/strong><\/p>\n\n\n\n<p>La molecola del&nbsp;<strong>BRODIFACOUM,&nbsp;DIFENACOUM&nbsp;<\/strong>e&nbsp;Il<strong>&nbsp;BROMADIOLONE<\/strong>&nbsp;inibiscono l&#8217;attivit\u00e0 dell&#8217;enzima k, enzima necessario per la produzione di vitamina k, la quale regola il processo di coaugulazione. Causano la morte per dissanguamento della vittima.<\/p>\n<\/div>\n<\/div>\n","protected":false},"excerpt":{"rendered":"<p>Rodenticidi&nbsp;acuti&nbsp;e&nbsp;sub&nbsp;acuti I&nbsp;rodenticidi acuti&nbsp;e&nbsp;sub acuti&nbsp;sono cos\u00ec definiti perch\u00e8 sono in grado di portare alla morte un individuo in meno di 24 ore. Questi veleni per\u00f2 presentano anche degli inconvenienti, per prima cosa non dispongono di antidoti efficaci e anche quelli di cui si dispone dell&#8217;antidoto sono talmente rapidi nella loro azione<\/p>\n","protected":false},"author":1,"featured_media":419,"parent":0,"menu_order":0,"comment_status":"closed","ping_status":"closed","template":"","meta":[],"_links":{"self":[{"href":"https:\/\/www.teknoitaliaservice.it\/index.php?rest_route=\/wp\/v2\/pages\/34"}],"collection":[{"href":"https:\/\/www.teknoitaliaservice.it\/index.php?rest_route=\/wp\/v2\/pages"}],"about":[{"href":"https:\/\/www.teknoitaliaservice.it\/index.php?rest_route=\/wp\/v2\/types\/page"}],"author":[{"embeddable":true,"href":"https:\/\/www.teknoitaliaservice.it\/index.php?rest_route=\/wp\/v2\/users\/1"}],"replies":[{"embeddable":true,"href":"https:\/\/www.teknoitaliaservice.it\/index.php?rest_route=%2Fwp%2Fv2%2Fcomments&post=34"}],"version-history":[{"count":34,"href":"https:\/\/www.teknoitaliaservice.it\/index.php?rest_route=\/wp\/v2\/pages\/34\/revisions"}],"predecessor-version":[{"id":1007,"href":"https:\/\/www.teknoitaliaservice.it\/index.php?rest_route=\/wp\/v2\/pages\/34\/revisions\/1007"}],"wp:featuredmedia":[{"embeddable":true,"href":"https:\/\/www.teknoitaliaservice.it\/index.php?rest_route=\/wp\/v2\/media\/419"}],"wp:attachment":[{"href":"https:\/\/www.teknoitaliaservice.it\/index.php?rest_route=%2Fwp%2Fv2%2Fmedia&parent=34"}],"curies":[{"name":"wp","href":"https:\/\/api.w.org\/{rel}","templated":true}]}}